{"id":19,"date":"2020-04-28T11:20:14","date_gmt":"2020-04-28T09:20:14","guid":{"rendered":"https:\/\/www.charcuterie-commenges.com\/blog\/?page_id=19"},"modified":"2020-04-28T12:35:19","modified_gmt":"2020-04-28T10:35:19","slug":"contact","status":"publish","type":"page","link":"https:\/\/www.charcuterie-commenges.com\/blog\/contact\/","title":{"rendered":"Contact"},"content":{"rendered":"\n<p>T\u00e9l\u00e9phone : <strong><a href=\"tel:05 61 68 48 20\">05 61 68 48 20<\/a><\/strong> <\/p>\n\n\n\n<p>Email : <strong><a href=\"mailto:du lundi au vendredi de 9h \u00e0 12 et de 14h \u00e0 17h\">contact@charcuterie-commenges.com<\/a><\/strong> <\/p>\n\n\n\n<p>Horaires : <strong>du lundi au vendredi de 9h \u00e0 12 et de 14h \u00e0 17h<\/strong><\/p>\n","protected":false},"excerpt":{"rendered":"<p>T\u00e9l\u00e9phone : 05 61 68 48 20 Email : contact@charcuterie-commenges.com Horaires : du lundi au vendredi de 9h \u00e0 12 et de 14h \u00e0 17h<\/p>\n","protected":false},"author":1,"featured_media":0,"parent":0,"menu_order":0,"comment_status":"closed","ping_status":"closed","template":"","meta":[],"_links":{"self":[{"href":"https:\/\/www.charcuterie-commenges.com\/blog\/wp-json\/wp\/v2\/pages\/19"}],"collection":[{"href":"https:\/\/www.charcuterie-commenges.com\/blog\/wp-json\/wp\/v2\/pages"}],"about":[{"href":"https:\/\/www.charcuterie-commenges.com\/blog\/wp-json\/wp\/v2\/types\/page"}],"author":[{"embeddable":true,"href":"https:\/\/www.charcuterie-commenges.com\/blog\/wp-json\/wp\/v2\/users\/1"}],"replies":[{"embeddable":true,"href":"https:\/\/www.charcuterie-commenges.com\/blog\/wp-json\/wp\/v2\/comments?post=19"}],"version-history":[{"count":2,"href":"https:\/\/www.charcuterie-commenges.com\/blog\/wp-json\/wp\/v2\/pages\/19\/revisions"}],"predecessor-version":[{"id":25,"href":"https:\/\/www.charcuterie-commenges.com\/blog\/wp-json\/wp\/v2\/pages\/19\/revisions\/25"}],"wp:attachment":[{"href":"https:\/\/www.charcuterie-commenges.com\/blog\/wp-json\/wp\/v2\/media?parent=19"}],"curies":[{"name":"wp","href":"https:\/\/api.w.org\/{rel}","templated":true}]}}