{"id":2,"date":"2020-04-27T11:27:17","date_gmt":"2020-04-27T09:27:17","guid":{"rendered":"https:\/\/www.charcuterie-commenges.com\/blog\/?page_id=2"},"modified":"2020-06-04T16:20:29","modified_gmt":"2020-06-04T14:20:29","slug":"mentions-legales","status":"publish","type":"page","link":"https:\/\/www.charcuterie-commenges.com\/blog\/mentions-legales\/","title":{"rendered":"Mentions l\u00e9gales"},"content":{"rendered":"\n<p>Le site www.charcuterie-commenges.com\/blog est la propri\u00e9t\u00e9 de l&rsquo;entreprise SARL COMMENGES ET FILS dont le si\u00e8ge est bas\u00e9 au AVENUE DE FEMOURAS, 09100 PAMIERS.<\/p>\n\n\n\n<p>SIRET : 42508811900010<\/p>\n\n\n\n<p>Responsable de la publication : Marie COMMENGES.<\/p>\n\n\n\n<p>Le site internet est h\u00e9berg\u00e9 par <a href=\"https:\/\/www.emagma.fr\" target=\"_blank\" rel=\"noreferrer noopener\">Emagma<\/a>.<\/p>\n\n\n\n<p><a href=\"https:\/\/www.emagma.fr\" target=\"_blank\" rel=\"noreferrer noopener\">Cr\u00e9ation du blog<\/a> par Emagma.<\/p>\n\n\n\n<p>Vous pouvez nous contacter par t\u00e9l\u00e9phone au <strong><a href=\"tel:+33561684820\">05 61 68 48 20<\/a><\/strong> ou par email \u00e0 <a href=\"mailto:contact@charcuterie-commenges.com\">contact@charcuterie-commenges.com<\/a><\/p>\n","protected":false},"excerpt":{"rendered":"<p>Le site www.charcuterie-commenges.com\/blog est la propri\u00e9t\u00e9 de l&rsquo;entreprise SARL COMMENGES ET FILS dont le si\u00e8ge est bas\u00e9 au AVENUE DE FEMOURAS, 09100 PAMIERS. SIRET : 42508811900010 Responsable de la publication : Marie COMMENGES. Le site internet est h\u00e9berg\u00e9 par Emagma. Cr\u00e9ation du blog par Emagma. Vous pouvez nous contacter par t\u00e9l\u00e9phone au 05 61 68 &hellip; <a href=\"https:\/\/www.charcuterie-commenges.com\/blog\/mentions-legales\/\" class=\"post__more\">Lire la suite<\/a><\/p>\n","protected":false},"author":1,"featured_media":0,"parent":0,"menu_order":0,"comment_status":"closed","ping_status":"open","template":"","meta":[],"_links":{"self":[{"href":"https:\/\/www.charcuterie-commenges.com\/blog\/wp-json\/wp\/v2\/pages\/2"}],"collection":[{"href":"https:\/\/www.charcuterie-commenges.com\/blog\/wp-json\/wp\/v2\/pages"}],"about":[{"href":"https:\/\/www.charcuterie-commenges.com\/blog\/wp-json\/wp\/v2\/types\/page"}],"author":[{"embeddable":true,"href":"https:\/\/www.charcuterie-commenges.com\/blog\/wp-json\/wp\/v2\/users\/1"}],"replies":[{"embeddable":true,"href":"https:\/\/www.charcuterie-commenges.com\/blog\/wp-json\/wp\/v2\/comments?post=2"}],"version-history":[{"count":4,"href":"https:\/\/www.charcuterie-commenges.com\/blog\/wp-json\/wp\/v2\/pages\/2\/revisions"}],"predecessor-version":[{"id":76,"href":"https:\/\/www.charcuterie-commenges.com\/blog\/wp-json\/wp\/v2\/pages\/2\/revisions\/76"}],"wp:attachment":[{"href":"https:\/\/www.charcuterie-commenges.com\/blog\/wp-json\/wp\/v2\/media?parent=2"}],"curies":[{"name":"wp","href":"https:\/\/api.w.org\/{rel}","templated":true}]}}