{"id":3,"date":"2020-04-27T11:27:17","date_gmt":"2020-04-27T09:27:17","guid":{"rendered":"https:\/\/www.charcuterie-commenges.com\/blog\/?page_id=3"},"modified":"2020-05-20T14:39:30","modified_gmt":"2020-05-20T12:39:30","slug":"politique-de-confidentialite","status":"publish","type":"page","link":"https:\/\/www.charcuterie-commenges.com\/blog\/politique-de-confidentialite\/","title":{"rendered":"Donn\u00e9es personnelles"},"content":{"rendered":"\n<p>De mani\u00e8re g\u00e9n\u00e9rale, vous n\u2019\u00eates pas tenu de nous communiquer vos donn\u00e9es personnelles lorsque vous visitez notre site Internet.<\/p>\n\n\n\n<h4>Cookies<\/h4>\n\n\n\n<p>Le site utilise des cookies Google Analytics afin de suivre l&rsquo;audience et am\u00e9liorer l&rsquo;exp\u00e9rience. Les donn\u00e9es collect\u00e9es sont anonymis\u00e9es.<\/p>\n\n\n\n<h4>S\u00e9curit\u00e9<\/h4>\n\n\n\n<p>Notre site Internet utilise un protocole de transfert des informations s\u00e9curis\u00e9 (HTTPS).<\/p>\n","protected":false},"excerpt":{"rendered":"<p>De mani\u00e8re g\u00e9n\u00e9rale, vous n\u2019\u00eates pas tenu de nous communiquer vos donn\u00e9es personnelles lorsque vous visitez notre site Internet. Cookies Le site utilise des cookies Google Analytics afin de suivre l&rsquo;audience et am\u00e9liorer l&rsquo;exp\u00e9rience. Les donn\u00e9es collect\u00e9es sont anonymis\u00e9es. S\u00e9curit\u00e9 Notre site Internet utilise un protocole de transfert des informations s\u00e9curis\u00e9 (HTTPS).<\/p>\n","protected":false},"author":1,"featured_media":0,"parent":0,"menu_order":0,"comment_status":"closed","ping_status":"open","template":"","meta":[],"_links":{"self":[{"href":"https:\/\/www.charcuterie-commenges.com\/blog\/wp-json\/wp\/v2\/pages\/3"}],"collection":[{"href":"https:\/\/www.charcuterie-commenges.com\/blog\/wp-json\/wp\/v2\/pages"}],"about":[{"href":"https:\/\/www.charcuterie-commenges.com\/blog\/wp-json\/wp\/v2\/types\/page"}],"author":[{"embeddable":true,"href":"https:\/\/www.charcuterie-commenges.com\/blog\/wp-json\/wp\/v2\/users\/1"}],"replies":[{"embeddable":true,"href":"https:\/\/www.charcuterie-commenges.com\/blog\/wp-json\/wp\/v2\/comments?post=3"}],"version-history":[{"count":3,"href":"https:\/\/www.charcuterie-commenges.com\/blog\/wp-json\/wp\/v2\/pages\/3\/revisions"}],"predecessor-version":[{"id":66,"href":"https:\/\/www.charcuterie-commenges.com\/blog\/wp-json\/wp\/v2\/pages\/3\/revisions\/66"}],"wp:attachment":[{"href":"https:\/\/www.charcuterie-commenges.com\/blog\/wp-json\/wp\/v2\/media?parent=3"}],"curies":[{"name":"wp","href":"https:\/\/api.w.org\/{rel}","templated":true}]}}